{"id":312,"date":"2023-07-16T14:39:18","date_gmt":"2023-07-16T14:39:18","guid":{"rendered":"https:\/\/hotelgerardus.hu\/?page_id=312"},"modified":"2026-04-17T14:21:20","modified_gmt":"2026-04-17T12:21:20","slug":"masszazs-kezeles","status":"publish","type":"page","link":"https:\/\/hotelgerardus.hu\/en\/masszazs-kezeles\/","title":{"rendered":"MASSAGE &amp; TREATMENTS"},"content":{"rendered":"<div data-elementor-type=\"wp-page\" data-elementor-id=\"312\" class=\"elementor elementor-312\" data-elementor-post-type=\"page\">\n\t\t\t\t\t\t\t<div class=\"elementor-element elementor-element-c0699d5 e-flex e-con-boxed e-con\" data-id=\"c0699d5\" data-element_type=\"container\" data-settings=\"{&quot;content_width&quot;:&quot;boxed&quot;}\" data-e-bg-lazyload=\"\">\n\t\t\t\t\t<div class=\"e-con-inner\">\n\t\t<div class=\"elementor-element elementor-element-5e130c7 e-con-full e-flex e-con\" data-id=\"5e130c7\" data-element_type=\"container\" data-settings=\"{&quot;content_width&quot;:&quot;full&quot;}\">\n\t\t\t\t<div class=\"elementor-element elementor-element-754775d elementor-widget elementor-widget-heading\" data-id=\"754775d\" data-element_type=\"widget\" data-widget_type=\"heading.default\">\n\t\t\t\t<div class=\"elementor-widget-container\">\n\t\t\t<style>\/*! elementor - v3.14.0 - 26-06-2023 *\/\n.elementor-heading-title{padding:0;margin:0;line-height:1}.elementor-widget-heading .elementor-heading-title[class*=elementor-size-]>a{color:inherit;font-size:inherit;line-height:inherit}.elementor-widget-heading .elementor-heading-title.elementor-size-small{font-size:15px}.elementor-widget-heading .elementor-heading-title.elementor-size-medium{font-size:19px}.elementor-widget-heading .elementor-heading-title.elementor-size-large{font-size:29px}.elementor-widget-heading .elementor-heading-title.elementor-size-xl{font-size:39px}.elementor-widget-heading .elementor-heading-title.elementor-size-xxl{font-size:59px}<\/style><h2 class=\"elementor-heading-title elementor-size-default\">Massage &amp; Treatments<\/h2>\t\t<\/div>\n\t\t\t\t<\/div>\n\t\t\t\t<div class=\"elementor-element elementor-element-ab17650 elementor-widget elementor-widget-text-editor\" data-id=\"ab17650\" data-element_type=\"widget\" data-widget_type=\"text-editor.default\">\n\t\t\t\t<div class=\"elementor-widget-container\">\n\t\t\t<style>\/*! elementor - v3.14.0 - 26-06-2023 *\/\n.elementor-widget-text-editor.elementor-drop-cap-view-stacked .elementor-drop-cap{background-color:#69727d;color:#fff}.elementor-widget-text-editor.elementor-drop-cap-view-framed .elementor-drop-cap{color:#69727d;border:3px solid;background-color:transparent}.elementor-widget-text-editor:not(.elementor-drop-cap-view-default) .elementor-drop-cap{margin-top:8px}.elementor-widget-text-editor:not(.elementor-drop-cap-view-default) .elementor-drop-cap-letter{width:1em;height:1em}.elementor-widget-text-editor .elementor-drop-cap{float:left;text-align:center;line-height:1;font-size:50px}.elementor-widget-text-editor .elementor-drop-cap-letter{display:inline-block}<\/style>\t\t\t\t<p>For those who seek the complete experience of rejuvenation, we recommend the special massages offered in our wellness section, designed to improve the physical and mental well-being of our body. With refined movements, gentle pressures, and strokes, we work through the muscles, aiding in their relaxation and regeneration.<\/p><p>Discover the enchanting magic and enjoy the uplifting effects of our unparalleled massages! Try one of our classic refreshing or aromatherapy massages, which will rejuvenate you inside and out.<\/p>\t\t\t\t\t\t<\/div>\n\t\t\t\t<\/div>\n\t\t\t\t<\/div>\n\t\t<div class=\"elementor-element elementor-element-838b04b e-con-full e-flex e-con\" data-id=\"838b04b\" data-element_type=\"container\" data-settings=\"{&quot;content_width&quot;:&quot;full&quot;}\">\n\t\t\t\t<div class=\"elementor-element elementor-element-0aeb124 elementor-widget-divider--view-line elementor-widget elementor-widget-divider\" data-id=\"0aeb124\" data-element_type=\"widget\" data-widget_type=\"divider.default\">\n\t\t\t\t<div class=\"elementor-widget-container\">\n\t\t\t<style>\/*! elementor - v3.14.0 - 26-06-2023 *\/\n.elementor-widget-divider{--divider-border-style:none;--divider-border-width:1px;--divider-color:#0c0d0e;--divider-icon-size:20px;--divider-element-spacing:10px;--divider-pattern-height:24px;--divider-pattern-size:20px;--divider-pattern-url:none;--divider-pattern-repeat:repeat-x}.elementor-widget-divider .elementor-divider{display:flex}.elementor-widget-divider .elementor-divider__text{font-size:15px;line-height:1;max-width:95%}.elementor-widget-divider .elementor-divider__element{margin:0 var(--divider-element-spacing);flex-shrink:0}.elementor-widget-divider .elementor-icon{font-size:var(--divider-icon-size)}.elementor-widget-divider .elementor-divider-separator{display:flex;margin:0;direction:ltr}.elementor-widget-divider--view-line_icon .elementor-divider-separator,.elementor-widget-divider--view-line_text .elementor-divider-separator{align-items:center}.elementor-widget-divider--view-line_icon .elementor-divider-separator:after,.elementor-widget-divider--view-line_icon .elementor-divider-separator:before,.elementor-widget-divider--view-line_text .elementor-divider-separator:after,.elementor-widget-divider--view-line_text .elementor-divider-separator:before{display:block;content:\"\";border-bottom:0;flex-grow:1;border-top:var(--divider-border-width) var(--divider-border-style) var(--divider-color)}.elementor-widget-divider--element-align-left .elementor-divider .elementor-divider-separator>.elementor-divider__svg:first-of-type{flex-grow:0;flex-shrink:100}.elementor-widget-divider--element-align-left .elementor-divider-separator:before{content:none}.elementor-widget-divider--element-align-left .elementor-divider__element{margin-left:0}.elementor-widget-divider--element-align-right .elementor-divider .elementor-divider-separator>.elementor-divider__svg:last-of-type{flex-grow:0;flex-shrink:100}.elementor-widget-divider--element-align-right .elementor-divider-separator:after{content:none}.elementor-widget-divider--element-align-right .elementor-divider__element{margin-right:0}.elementor-widget-divider:not(.elementor-widget-divider--view-line_text):not(.elementor-widget-divider--view-line_icon) .elementor-divider-separator{border-top:var(--divider-border-width) var(--divider-border-style) var(--divider-color)}.elementor-widget-divider--separator-type-pattern{--divider-border-style:none}.elementor-widget-divider--separator-type-pattern.elementor-widget-divider--view-line .elementor-divider-separator,.elementor-widget-divider--separator-type-pattern:not(.elementor-widget-divider--view-line) .elementor-divider-separator:after,.elementor-widget-divider--separator-type-pattern:not(.elementor-widget-divider--view-line) .elementor-divider-separator:before,.elementor-widget-divider--separator-type-pattern:not([class*=elementor-widget-divider--view]) .elementor-divider-separator{width:100%;min-height:var(--divider-pattern-height);-webkit-mask-size:var(--divider-pattern-size) 100%;mask-size:var(--divider-pattern-size) 100%;-webkit-mask-repeat:var(--divider-pattern-repeat);mask-repeat:var(--divider-pattern-repeat);background-color:var(--divider-color);-webkit-mask-image:var(--divider-pattern-url);mask-image:var(--divider-pattern-url)}.elementor-widget-divider--no-spacing{--divider-pattern-size:auto}.elementor-widget-divider--bg-round{--divider-pattern-repeat:round}.rtl .elementor-widget-divider .elementor-divider__text{direction:rtl}.e-con-inner>.elementor-widget-divider,.e-con>.elementor-widget-divider{width:var(--container-widget-width,100%);--flex-grow:var(--container-widget-flex-grow)}<\/style>\t\t<div class=\"elementor-divider\">\n\t\t\t<span class=\"elementor-divider-separator\">\n\t\t\t\t\t\t<\/span>\n\t\t<\/div>\n\t\t\t\t<\/div>\n\t\t\t\t<\/div>\n\t\t\t\t<div class=\"elementor-element elementor-element-4debff8 elementor-widget elementor-widget-image\" data-id=\"4debff8\" data-element_type=\"widget\" data-widget_type=\"image.default\">\n\t\t\t\t<div class=\"elementor-widget-container\">\n\t\t\t<style>\/*! elementor - v3.14.0 - 26-06-2023 *\/\n.elementor-widget-image{text-align:center}.elementor-widget-image a{display:inline-block}.elementor-widget-image a img[src$=\".svg\"]{width:48px}.elementor-widget-image img{vertical-align:middle;display:inline-block}<\/style>\t\t\t\t\t\t\t\t\t\t\t\t<img decoding=\"async\" width=\"800\" height=\"450\" src=\"https:\/\/hotelgerardus.hu\/wp-content\/uploads\/2023\/08\/RK-AULA-TV_kep-9-1024x576.png\" class=\"attachment-large size-large wp-image-2813\" alt=\"\" loading=\"lazy\" srcset=\"https:\/\/hotelgerardus.hu\/wp-content\/uploads\/2023\/08\/RK-AULA-TV_kep-9-1024x576.png 1024w, https:\/\/hotelgerardus.hu\/wp-content\/uploads\/2023\/08\/RK-AULA-TV_kep-9-300x169.png 300w, https:\/\/hotelgerardus.hu\/wp-content\/uploads\/2023\/08\/RK-AULA-TV_kep-9-768x432.png 768w, https:\/\/hotelgerardus.hu\/wp-content\/uploads\/2023\/08\/RK-AULA-TV_kep-9-1536x864.png 1536w, https:\/\/hotelgerardus.hu\/wp-content\/uploads\/2023\/08\/RK-AULA-TV_kep-9-2048x1152.png 2048w, https:\/\/hotelgerardus.hu\/wp-content\/uploads\/2023\/08\/RK-AULA-TV_kep-9-18x10.png 18w\" sizes=\"(max-width: 800px) 100vw, 800px\" \/>\t\t\t\t\t\t\t\t\t\t\t\t\t\t\t<\/div>\n\t\t\t\t<\/div>\n\t\t\t\t<div class=\"elementor-element elementor-element-66866c4 elementor-widget elementor-widget-heading\" data-id=\"66866c4\" data-element_type=\"widget\" data-widget_type=\"heading.default\">\n\t\t\t\t<div class=\"elementor-widget-container\">\n\t\t\t<h2 class=\"elementor-heading-title elementor-size-default\">Appointment Booking<\/h2>\t\t<\/div>\n\t\t\t\t<\/div>\n\t\t\t\t<div class=\"elementor-element elementor-element-9e6d1d6 elementor-widget elementor-widget-heading\" data-id=\"9e6d1d6\" data-element_type=\"widget\" data-widget_type=\"heading.default\">\n\t\t\t\t<div class=\"elementor-widget-container\">\n\t\t\t<h2 class=\"elementor-heading-title elementor-size-default\">+36 62 554 099<\/h2>\t\t<\/div>\n\t\t\t\t<\/div>\n\t\t\t\t<\/div>\n\t\t\t\t\t<\/div>\n\t\t\t\t<\/div>\n\t\t<div class=\"elementor-element elementor-element-3fee16b e-flex e-con-boxed e-con\" data-id=\"3fee16b\" data-element_type=\"container\" data-settings=\"{&quot;content_width&quot;:&quot;boxed&quot;}\">\n\t\t\t\t\t<div class=\"e-con-inner\">\n\t\t\t\t<div class=\"elementor-element elementor-element-dfbe8b8 elementor-widget elementor-widget-heading\" data-id=\"dfbe8b8\" data-element_type=\"widget\" data-widget_type=\"heading.default\">\n\t\t\t\t<div class=\"elementor-widget-container\">\n\t\t\t<h2 class=\"elementor-heading-title elementor-size-default\">Massage menu<\/h2>\t\t<\/div>\n\t\t\t\t<\/div>\n\t\t\t\t<div class=\"elementor-element elementor-element-8182b54 elementor-widget elementor-widget-price-list\" data-id=\"8182b54\" data-element_type=\"widget\" data-widget_type=\"price-list.default\">\n\t\t\t\t<div class=\"elementor-widget-container\">\n\t\t\t<style>\/*! elementor-pro - v3.14.0 - 26-06-2023 *\/\n.elementor-widget-price-list .elementor-price-list{list-style:none;padding:0;margin:0}.elementor-widget-price-list .elementor-price-list li{margin:0}.elementor-price-list li:not(:last-child){margin-bottom:20px}.elementor-price-list .elementor-price-list-image{max-width:50%;flex-shrink:0;padding-right:25px}.elementor-price-list .elementor-price-list-image img{width:100%}.elementor-price-list .elementor-price-list-header,.elementor-price-list .elementor-price-list-item,.elementor-price-list .elementor-price-list-text{display:flex}.elementor-price-list .elementor-price-list-item{align-items:flex-start}.elementor-price-list .elementor-price-list-item .elementor-price-list-text{align-items:flex-start;flex-wrap:wrap;flex-grow:1}.elementor-price-list .elementor-price-list-item .elementor-price-list-header{align-items:center;flex-basis:100%;font-size:19px;font-weight:600;margin-bottom:10px;justify-content:space-between}.elementor-price-list .elementor-price-list-item .elementor-price-list-title{max-width:80%}.elementor-price-list .elementor-price-list-item .elementor-price-list-price{font-weight:600}.elementor-price-list .elementor-price-list-item p.elementor-price-list-description{flex-basis:100%;font-size:14px;margin:0}.elementor-price-list .elementor-price-list-item .elementor-price-list-separator{flex-grow:1;margin-left:10px;margin-right:10px;border-bottom-style:dotted;border-bottom-width:2px;height:0}.elementor-price-table{text-align:center}.elementor-price-table .elementor-price-table__header{background:var(--e-price-table-header-background-color,#555);padding:20px 0}.elementor-price-table .elementor-price-table__heading{margin:0;padding:0;line-height:1.2;font-size:24px;font-weight:600;color:#fff}.elementor-price-table .elementor-price-table__subheading{font-size:13px;font-weight:400;color:#fff}.elementor-price-table .elementor-price-table__original-price{margin-right:15px;text-decoration:line-through;font-size:.5em;line-height:1;font-weight:400;align-self:center}.elementor-price-table .elementor-price-table__original-price .elementor-price-table__currency{font-size:1em;margin:0}.elementor-price-table .elementor-price-table__price{display:flex;justify-content:center;align-items:center;flex-wrap:wrap;flex-direction:row;color:#555;font-weight:800;font-size:65px;padding:40px 0}.elementor-price-table .elementor-price-table__price .elementor-typo-excluded{line-height:normal;letter-spacing:normal;text-transform:none;font-weight:400;font-size:medium;font-style:normal}.elementor-price-table .elementor-price-table__after-price{display:flex;flex-wrap:wrap;text-align:left;align-self:stretch;align-items:flex-start;flex-direction:column}.elementor-price-table .elementor-price-table__integer-part{line-height:.8}.elementor-price-table .elementor-price-table__currency,.elementor-price-table .elementor-price-table__fractional-part{line-height:1;font-size:.3em}.elementor-price-table .elementor-price-table__currency{margin-right:3px}.elementor-price-table .elementor-price-table__period{width:100%;font-size:13px;font-weight:400}.elementor-price-table .elementor-price-table__features-list{list-style-type:none;margin:0;padding:0;line-height:1;color:var(--e-price-table-features-list-color)}.elementor-price-table .elementor-price-table__features-list li{font-size:14px;line-height:1;margin:0;padding:0}.elementor-price-table .elementor-price-table__features-list li .elementor-price-table__feature-inner{margin-left:15px;margin-right:15px}.elementor-price-table .elementor-price-table__features-list li:not(:first-child):before{content:\"\";display:block;border:0 solid hsla(0,0%,47.8%,.3);margin:10px 12.5%}.elementor-price-table .elementor-price-table__features-list i{margin-right:10px;font-size:1.3em}.elementor-price-table .elementor-price-table__features-list svg{margin-right:10px;fill:var(--e-price-table-features-list-color);height:1.3em;width:1.3em}.elementor-price-table .elementor-price-table__features-list svg~*{vertical-align:text-top}.elementor-price-table .elementor-price-table__footer{padding:30px 0}.elementor-price-table .elementor-price-table__additional_info{margin:0;font-size:13px;line-height:1.4}.elementor-price-table__ribbon{position:absolute;top:0;left:auto;right:0;transform:rotate(90deg);width:150px;overflow:hidden;height:150px}.elementor-price-table__ribbon-inner{text-align:center;left:0;width:200%;transform:translateY(-50%) translateX(-50%) translateX(35px) rotate(-45deg);margin-top:35px;font-size:13px;line-height:2;font-weight:800;text-transform:uppercase;background:#000}.elementor-price-table__ribbon.elementor-ribbon-left{transform:rotate(0);left:0;right:auto}.elementor-price-table__ribbon.elementor-ribbon-right{transform:rotate(90deg);left:auto;right:0}.elementor-widget-price-table .elementor-widget-container{overflow:hidden;background-color:#f9fafa}.e-con-inner>.elementor-widget-price-list,.e-con>.elementor-widget-price-list{width:var(--container-widget-width);--flex-grow:var(--container-widget-flex-grow)}<\/style>\n\t\t<ul class=\"elementor-price-list\">\n\n\t\t\t\t\t\t\t\t\t<li><a class=\"elementor-price-list-item\" href=\"#\">\t\t\t\t\n\t\t\t\t<div class=\"elementor-price-list-text\">\n\t\t\t\t\t\t\t\t\t<div class=\"elementor-price-list-header\">\n\t\t\t\t\t\t\t\t\t\t\t<span class=\"elementor-price-list-title\">\n\t\t\t\t\t\t\tFriss\u00edt\u0151 massz\u00e1zs - teljes test \/50 perc\/\t\t\t\t\t\t<\/span>\n\t\t\t\t\t\t\t\t\t\t\t\t\t\t\t\t\t\t<span class=\"elementor-price-list-separator\"><\/span>\n\t\t\t\t\t\t\t\t\t\t\t\t\t\t\t\t\t\t\t<span class=\"elementor-price-list-price\">16.000 HUF<\/span>\n\t\t\t\t\t\t\t\t\t\t<\/div>\n\t\t\t\t\t\t\t\t\t\t\t\t\t\t\t<p class=\"elementor-price-list-description\">\n\t\t\t\t\t\t\tRefreshing Massage - Full body \/50 minutes\/\n\n\n\n\t\t\t\t\t\t<\/p>\n\t\t\t\t\t\t\t\t<\/div>\n\t\t\t\t<\/a><\/li>\t\t\t\t\t\t\t\t\t\t\t\t<li><a class=\"elementor-price-list-item\" href=\"#\">\t\t\t\t\n\t\t\t\t<div class=\"elementor-price-list-text\">\n\t\t\t\t\t\t\t\t\t<div class=\"elementor-price-list-header\">\n\t\t\t\t\t\t\t\t\t\t\t<span class=\"elementor-price-list-title\">\n\t\t\t\t\t\t\tFriss\u00edt\u0151 r\u00e9szmassz\u00e1zs - H\u00e1t, Nyak, v\u00e1ll vagy der\u00e9kt\u00e1j \/25 perc\/\t\t\t\t\t\t<\/span>\n\t\t\t\t\t\t\t\t\t\t\t\t\t\t\t\t\t\t<span class=\"elementor-price-list-separator\"><\/span>\n\t\t\t\t\t\t\t\t\t\t\t\t\t\t\t\t\t\t\t<span class=\"elementor-price-list-price\">9.000 HUF<\/span>\n\t\t\t\t\t\t\t\t\t\t<\/div>\n\t\t\t\t\t\t\t\t\t\t\t\t\t\t\t<p class=\"elementor-price-list-description\">\n\t\t\t\t\t\t\tBack, neck, shoulder or lower back muscle release \/25 minutes\/\t\t\t\t\t\t<\/p>\n\t\t\t\t\t\t\t\t<\/div>\n\t\t\t\t<\/a><\/li>\t\t\t\t\t\t\t\t\t\t\t\t<li><a class=\"elementor-price-list-item\" href=\"#\">\t\t\t\t\n\t\t\t\t<div class=\"elementor-price-list-text\">\n\t\t\t\t\t\t\t\t\t<div class=\"elementor-price-list-header\">\n\t\t\t\t\t\t\t\t\t\t\t<span class=\"elementor-price-list-title\">\n\t\t\t\t\t\t\tFriss\u00edt\u0151 massz\u00e1zs - talpfriss\u00edt\u00e9s \/20 perc\/\t\t\t\t\t\t<\/span>\n\t\t\t\t\t\t\t\t\t\t\t\t\t\t\t\t\t\t<span class=\"elementor-price-list-separator\"><\/span>\n\t\t\t\t\t\t\t\t\t\t\t\t\t\t\t\t\t\t\t<span class=\"elementor-price-list-price\">7.000 HUF<\/span>\n\t\t\t\t\t\t\t\t\t\t<\/div>\n\t\t\t\t\t\t\t\t\t\t\t\t\t\t\t<p class=\"elementor-price-list-description\">\n\t\t\t\t\t\t\tFoot refreshment \/20 minutes\/\t\t\t\t\t\t<\/p>\n\t\t\t\t\t\t\t\t<\/div>\n\t\t\t\t<\/a><\/li>\t\t\t\t\t\t\t\t\t\t\t\t<li><a class=\"elementor-price-list-item\" href=\"#\">\t\t\t\t\n\t\t\t\t<div class=\"elementor-price-list-text\">\n\t\t\t\t\t\t\t\t\t<div class=\"elementor-price-list-header\">\n\t\t\t\t\t\t\t\t\t\t\t<span class=\"elementor-price-list-title\">\n\t\t\t\t\t\t\taromater\u00e1pi\u00e1s massz\u00e1zs \/50 perc\/\t\t\t\t\t\t<\/span>\n\t\t\t\t\t\t\t\t\t\t\t\t\t\t\t\t\t\t<span class=\"elementor-price-list-separator\"><\/span>\n\t\t\t\t\t\t\t\t\t\t\t\t\t\t\t\t\t\t\t<span class=\"elementor-price-list-price\">16.000 HUF<\/span>\n\t\t\t\t\t\t\t\t\t\t<\/div>\n\t\t\t\t\t\t\t\t\t\t\t\t\t\t\t<p class=\"elementor-price-list-description\">\n\t\t\t\t\t\t\tAromatherapy Massage \/50 minutes\/\t\t\t\t\t\t<\/p>\n\t\t\t\t\t\t\t\t<\/div>\n\t\t\t\t<\/a><\/li>\t\t\t\t\t\t\t\t\t\t\t\t<li><a class=\"elementor-price-list-item\" href=\"#\">\t\t\t\t\n\t\t\t\t<div class=\"elementor-price-list-text\">\n\t\t\t\t\t\t\t\t\t<div class=\"elementor-price-list-header\">\n\t\t\t\t\t\t\t\t\t\t\t<span class=\"elementor-price-list-title\">\n\t\t\t\t\t\t\therb\u00e1l massz\u00e1zs \/50 perc\/\t\t\t\t\t\t<\/span>\n\t\t\t\t\t\t\t\t\t\t\t\t\t\t\t\t\t\t<span class=\"elementor-price-list-separator\"><\/span>\n\t\t\t\t\t\t\t\t\t\t\t\t\t\t\t\t\t\t\t<span class=\"elementor-price-list-price\">16.000 HUF<\/span>\n\t\t\t\t\t\t\t\t\t\t<\/div>\n\t\t\t\t\t\t\t\t\t\t\t\t\t\t\t<p class=\"elementor-price-list-description\">\n\t\t\t\t\t\t\therbal Massage \/50 minutes\/\t\t\t\t\t\t<\/p>\n\t\t\t\t\t\t\t\t<\/div>\n\t\t\t\t<\/a><\/li>\t\t\t\t\t\n\t\t<\/ul>\n\n\t\t\t\t<\/div>\n\t\t\t\t<\/div>\n\t\t\t\t<div class=\"elementor-element elementor-element-436ed30 elementor-widget elementor-widget-spacer\" data-id=\"436ed30\" data-element_type=\"widget\" data-widget_type=\"spacer.default\">\n\t\t\t\t<div class=\"elementor-widget-container\">\n\t\t\t<style>\/*! elementor - v3.14.0 - 26-06-2023 *\/\n.elementor-column .elementor-spacer-inner{height:var(--spacer-size)}.e-con{--container-widget-width:100%}.e-con-inner>.elementor-widget-spacer,.e-con>.elementor-widget-spacer{width:var(--container-widget-width,var(--spacer-size));--align-self:var(--container-widget-align-self,initial);--flex-shrink:0}.e-con-inner>.elementor-widget-spacer>.elementor-widget-container,.e-con-inner>.elementor-widget-spacer>.elementor-widget-container>.elementor-spacer,.e-con>.elementor-widget-spacer>.elementor-widget-container,.e-con>.elementor-widget-spacer>.elementor-widget-container>.elementor-spacer{height:100%}.e-con-inner>.elementor-widget-spacer>.elementor-widget-container>.elementor-spacer>.elementor-spacer-inner,.e-con>.elementor-widget-spacer>.elementor-widget-container>.elementor-spacer>.elementor-spacer-inner{height:var(--container-widget-height,var(--spacer-size))}<\/style>\t\t<div class=\"elementor-spacer\">\n\t\t\t<div class=\"elementor-spacer-inner\"><\/div>\n\t\t<\/div>\n\t\t\t\t<\/div>\n\t\t\t\t<\/div>\n\t\t\t\t<div class=\"elementor-element elementor-element-5654ee1 elementor-widget elementor-widget-text-editor\" data-id=\"5654ee1\" data-element_type=\"widget\" data-widget_type=\"text-editor.default\">\n\t\t\t\t<div class=\"elementor-widget-container\">\n\t\t\t\t\t\t\t<p class=\" translation-block\">Our massages are available between 11:00 AM and 7:00 PM. Please make an appointment; our trained massage therapists are happy to assist you.<\/p>\t\t\t\t\t\t<\/div>\n\t\t\t\t<\/div>\n\t\t\t\t\t<\/div>\n\t\t\t\t<\/div>\n\t\t\t\t\t\t\t<\/div>","protected":false},"excerpt":{"rendered":"<p>Massz\u00e1zs &#038; kezel\u00e9s Azoknak, akik a felfriss\u00fcl\u00e9s teljes k\u00f6r\u0171 \u00e9lm\u00e9ny\u00e9t szeretn\u00e9k megtapasztalni, aj\u00e1nljuk wellness r\u00e9szleg\u00fcnk k\u00fcl\u00f6nleges massz\u00e1zsait, amelyek test\u00fcnk fizikai \u00e9s ment\u00e1lis j\u00f3l\u00e9t\u00e9nek jav\u00edt\u00e1s\u00e1ra szolg\u00e1lnak. Kifinomult mozdulatokkal, gyeng\u00e9d nyom\u00e1sokkal \u00e9s sim\u00edt\u00e1sokkal dolgozzuk \u00e1t az izmokat, \u00edgy seg\u00edtve azok ellazul\u00e1s\u00e1t \u00e9s a regener\u00e1l\u00f3d\u00e1s\u00e1t. Fedezze fel az idilli var\u00e1zst, \u00e9s \u00e9lvezze p\u00e1ratlan massz\u00e1zsaink felemel\u0151 hat\u00e1s\u00e1t! Pr\u00f3b\u00e1lja ki [&hellip;]<\/p>","protected":false},"author":1,"featured_media":0,"parent":0,"menu_order":0,"comment_status":"closed","ping_status":"closed","template":"","meta":{"_themeisle_gutenberg_block_has_review":false},"_links":{"self":[{"href":"https:\/\/hotelgerardus.hu\/en\/wp-json\/wp\/v2\/pages\/312"}],"collection":[{"href":"https:\/\/hotelgerardus.hu\/en\/wp-json\/wp\/v2\/pages"}],"about":[{"href":"https:\/\/hotelgerardus.hu\/en\/wp-json\/wp\/v2\/types\/page"}],"author":[{"embeddable":true,"href":"https:\/\/hotelgerardus.hu\/en\/wp-json\/wp\/v2\/users\/1"}],"replies":[{"embeddable":true,"href":"https:\/\/hotelgerardus.hu\/en\/wp-json\/wp\/v2\/comments?post=312"}],"version-history":[{"count":76,"href":"https:\/\/hotelgerardus.hu\/en\/wp-json\/wp\/v2\/pages\/312\/revisions"}],"predecessor-version":[{"id":12474,"href":"https:\/\/hotelgerardus.hu\/en\/wp-json\/wp\/v2\/pages\/312\/revisions\/12474"}],"wp:attachment":[{"href":"https:\/\/hotelgerardus.hu\/en\/wp-json\/wp\/v2\/media?parent=312"}],"curies":[{"name":"wp","href":"https:\/\/api.w.org\/{rel}","templated":true}]}}