{"id":1164,"date":"2023-07-20T08:49:28","date_gmt":"2023-07-20T08:49:28","guid":{"rendered":"https:\/\/hotelgerardus.hu\/?page_id=1164"},"modified":"2024-09-10T18:40:59","modified_gmt":"2024-09-10T18:40:59","slug":"utalvany","status":"publish","type":"page","link":"https:\/\/hotelgerardus.hu\/en\/utalvany\/","title":{"rendered":"UTALVANY"},"content":{"rendered":"<div data-elementor-type=\"wp-page\" data-elementor-id=\"1164\" class=\"elementor elementor-1164\" data-elementor-post-type=\"page\">\n\t\t\t\t\t\t\t<div class=\"elementor-element elementor-element-8c4ee29 e-flex e-con-boxed e-con\" data-id=\"8c4ee29\" data-element_type=\"container\" data-settings=\"{&quot;content_width&quot;:&quot;boxed&quot;}\">\n\t\t\t\t\t<div class=\"e-con-inner\">\n\t\t\t\t<div class=\"elementor-element elementor-element-4ee71fa elementor-widget elementor-widget-image\" data-id=\"4ee71fa\" data-element_type=\"widget\" data-widget_type=\"image.default\">\n\t\t\t\t<div class=\"elementor-widget-container\">\n\t\t\t<style>\/*! elementor - v3.14.0 - 26-06-2023 *\/\n.elementor-widget-image{text-align:center}.elementor-widget-image a{display:inline-block}.elementor-widget-image a img[src$=\".svg\"]{width:48px}.elementor-widget-image img{vertical-align:middle;display:inline-block}<\/style>\t\t\t\t\t\t\t\t\t\t\t\t\t<a href=\"https:\/\/hotelgerardus.hu\/en\/voucher\/\">\n\t\t\t\t\t\t\t<img decoding=\"async\" width=\"40\" height=\"20\" src=\"https:\/\/hotelgerardus.hu\/wp-content\/uploads\/2024\/09\/gb.png\" class=\"attachment-large size-large wp-image-8426\" alt=\"\" loading=\"lazy\" srcset=\"https:\/\/hotelgerardus.hu\/wp-content\/uploads\/2024\/09\/gb.png 40w, https:\/\/hotelgerardus.hu\/wp-content\/uploads\/2024\/09\/gb-18x9.png 18w\" sizes=\"(max-width: 40px) 100vw, 40px\" \/>\t\t\t\t\t\t\t\t<\/a>\n\t\t\t\t\t\t\t\t\t\t\t\t\t\t\t<\/div>\n\t\t\t\t<\/div>\n\t\t\t\t\t<\/div>\n\t\t\t\t<\/div>\n\t\t<div class=\"elementor-element elementor-element-5a6dc05 e-flex e-con-boxed e-con\" data-id=\"5a6dc05\" data-element_type=\"container\" data-settings=\"{&quot;content_width&quot;:&quot;boxed&quot;}\">\n\t\t\t\t\t<div class=\"e-con-inner\">\n\t\t\t\t<div class=\"elementor-element elementor-element-2bd7550 elementor-widget elementor-widget-html\" data-id=\"2bd7550\" data-element_type=\"widget\" data-widget_type=\"html.default\">\n\t\t\t\t<div class=\"elementor-widget-container\">\n\t\t\t<script src=\"https:\/\/nethotelbooking.net\/embed.RESnWEB.js?id=7QN38\"><\/script>\t\t<\/div>\n\t\t\t\t<\/div>\n\t\t\t\t\t<\/div>\n\t\t\t\t<\/div>\n\t\t<div class=\"elementor-element elementor-element-0869b04 e-flex e-con-boxed e-con\" data-id=\"0869b04\" data-element_type=\"container\" data-settings=\"{&quot;content_width&quot;:&quot;boxed&quot;}\">\n\t\t\t\t\t<div class=\"e-con-inner\">\n\t\t\t\t<div class=\"elementor-element elementor-element-09f9cf3 elementor-widget elementor-widget-text-editor\" data-id=\"09f9cf3\" data-element_type=\"widget\" data-widget_type=\"text-editor.default\">\n\t\t\t\t<div class=\"elementor-widget-container\">\n\t\t\t<style>\/*! elementor - v3.14.0 - 26-06-2023 *\/\n.elementor-widget-text-editor.elementor-drop-cap-view-stacked .elementor-drop-cap{background-color:#69727d;color:#fff}.elementor-widget-text-editor.elementor-drop-cap-view-framed .elementor-drop-cap{color:#69727d;border:3px solid;background-color:transparent}.elementor-widget-text-editor:not(.elementor-drop-cap-view-default) .elementor-drop-cap{margin-top:8px}.elementor-widget-text-editor:not(.elementor-drop-cap-view-default) .elementor-drop-cap-letter{width:1em;height:1em}.elementor-widget-text-editor .elementor-drop-cap{float:left;text-align:center;line-height:1;font-size:50px}.elementor-widget-text-editor .elementor-drop-cap-letter{display:inline-block}<\/style>\t\t\t\t<p><span style=\"color: #c49a6c;\"><a style=\"color: #c49a6c;\" href=\"https:\/\/hotelgerardus.hu\/wp-content\/uploads\/2023\/08\/utalvany.pdf\">Aj\u00e1nd\u00e9kutalv\u00e1ny felhaszn\u00e1l\u00e1si szab\u00e1lyzat<\/a><\/span><\/p>\t\t\t\t\t\t<\/div>\n\t\t\t\t<\/div>\n\t\t\t\t\t<\/div>\n\t\t\t\t<\/div>\n\t\t\t\t\t\t\t<\/div>","protected":false},"excerpt":{"rendered":"<p>Aj\u00e1nd\u00e9kutalv\u00e1ny felhaszn\u00e1l\u00e1si szab\u00e1lyzat<\/p>","protected":false},"author":1,"featured_media":0,"parent":0,"menu_order":0,"comment_status":"closed","ping_status":"closed","template":"","meta":{"_themeisle_gutenberg_block_has_review":false},"_links":{"self":[{"href":"https:\/\/hotelgerardus.hu\/en\/wp-json\/wp\/v2\/pages\/1164"}],"collection":[{"href":"https:\/\/hotelgerardus.hu\/en\/wp-json\/wp\/v2\/pages"}],"about":[{"href":"https:\/\/hotelgerardus.hu\/en\/wp-json\/wp\/v2\/types\/page"}],"author":[{"embeddable":true,"href":"https:\/\/hotelgerardus.hu\/en\/wp-json\/wp\/v2\/users\/1"}],"replies":[{"embeddable":true,"href":"https:\/\/hotelgerardus.hu\/en\/wp-json\/wp\/v2\/comments?post=1164"}],"version-history":[{"count":28,"href":"https:\/\/hotelgerardus.hu\/en\/wp-json\/wp\/v2\/pages\/1164\/revisions"}],"predecessor-version":[{"id":12187,"href":"https:\/\/hotelgerardus.hu\/en\/wp-json\/wp\/v2\/pages\/1164\/revisions\/12187"}],"wp:attachment":[{"href":"https:\/\/hotelgerardus.hu\/en\/wp-json\/wp\/v2\/media?parent=1164"}],"curies":[{"name":"wp","href":"https:\/\/api.w.org\/{rel}","templated":true}]}}